{"id":452,"date":"2022-10-17T09:53:03","date_gmt":"2022-10-17T12:53:03","guid":{"rendered":"https:\/\/renavefacil.net\/blog\/?page_id=452"},"modified":"2022-10-25T10:22:58","modified_gmt":"2022-10-25T13:22:58","slug":"home-2","status":"publish","type":"page","link":"https:\/\/renavefacil.net\/blog\/","title":{"rendered":"Home"},"content":{"rendered":"\t\t<div data-elementor-type=\"wp-page\" data-elementor-id=\"452\" class=\"elementor elementor-452\" data-elementor-post-type=\"page\">\n\t\t\t\t\t\t<section class=\"elementor-section elementor-top-section elementor-element elementor-element-411c573 elementor-section-height-min-height elementor-section-boxed elementor-section-height-default elementor-section-items-middle elementor-invisible\" data-id=\"411c573\" data-element_type=\"section\" data-settings=\"{&quot;background_background&quot;:&quot;classic&quot;,&quot;animation&quot;:&quot;fadeIn&quot;}\">\n\t\t\t\t\t\t\t<div class=\"elementor-background-overlay\"><\/div>\n\t\t\t\t\t\t\t<div class=\"elementor-container elementor-column-gap-default\">\n\t\t\t\t\t<div class=\"elementor-column elementor-col-100 elementor-top-column elementor-element elementor-element-4e7cb9e\" data-id=\"4e7cb9e\" data-element_type=\"column\">\n\t\t\t<div class=\"elementor-widget-wrap elementor-element-populated\">\n\t\t\t\t\t\t<div class=\"elementor-element elementor-element-33956f6 elementor-widget elementor-widget-heading\" data-id=\"33956f6\" data-element_type=\"widget\" data-widget_type=\"heading.default\">\n\t\t\t\t<div class=\"elementor-widget-container\">\n\t\t\t\t\t<h2 class=\"elementor-heading-title elementor-size-default\">Renave F\u00e1cil<\/h2>\t\t\t\t<\/div>\n\t\t\t\t<\/div>\n\t\t\t\t<div class=\"elementor-element elementor-element-74b0f46 elementor-widget elementor-widget-heading\" data-id=\"74b0f46\" data-element_type=\"widget\" data-widget_type=\"heading.default\">\n\t\t\t\t<div class=\"elementor-widget-container\">\n\t\t\t\t\t<h1 class=\"elementor-heading-title elementor-size-default\">Solu\u00e7\u00f5es para voc\u00ea<\/h1>\t\t\t\t<\/div>\n\t\t\t\t<\/div>\n\t\t\t\t<div class=\"elementor-element elementor-element-5badac2 elementor-widget elementor-widget-heading\" data-id=\"5badac2\" data-element_type=\"widget\" data-widget_type=\"heading.default\">\n\t\t\t\t<div class=\"elementor-widget-container\">\n\t\t\t\t\t<h6 class=\"elementor-heading-title elementor-size-default\">Tenha muito mais facilidade parar comprar e vender ve\u00edculos!<\/h6>\t\t\t\t<\/div>\n\t\t\t\t<\/div>\n\t\t\t\t<div class=\"elementor-element elementor-element-2a4197e elementor-widget elementor-widget-button\" data-id=\"2a4197e\" data-element_type=\"widget\" data-widget_type=\"button.default\">\n\t\t\t\t<div class=\"elementor-widget-container\">\n\t\t\t\t\t\t\t\t\t<div class=\"elementor-button-wrapper\">\n\t\t\t\t\t<a class=\"elementor-button elementor-button-link elementor-size-sm elementor-animation-grow\" href=\"https:\/\/conteudo.renavefacil.net\/cadastro-na-plataforma\" target=\"_blank\">\n\t\t\t\t\t\t<span class=\"elementor-button-content-wrapper\">\n\t\t\t\t\t\t\t\t\t<span class=\"elementor-button-text\">Cadastre-se<\/span>\n\t\t\t\t\t<\/span>\n\t\t\t\t\t<\/a>\n\t\t\t\t<\/div>\n\t\t\t\t\t\t\t\t<\/div>\n\t\t\t\t<\/div>\n\t\t\t\t\t<\/div>\n\t\t<\/div>\n\t\t\t\t\t<\/div>\n\t\t<\/section>\n\t\t\t\t<section class=\"elementor-section elementor-top-section elementor-element elementor-element-88e4a59 elementor-section-boxed elementor-section-height-default elementor-section-height-default\" data-id=\"88e4a59\" data-element_type=\"section\" data-settings=\"{&quot;background_background&quot;:&quot;classic&quot;}\">\n\t\t\t\t\t\t<div class=\"elementor-container elementor-column-gap-default\">\n\t\t\t\t\t<div class=\"elementor-column elementor-col-100 elementor-top-column elementor-element elementor-element-59fab01\" data-id=\"59fab01\" data-element_type=\"column\">\n\t\t\t<div class=\"elementor-widget-wrap elementor-element-populated\">\n\t\t\t\t\t\t<div class=\"elementor-element elementor-element-af4a876 elementor-widget elementor-widget-heading\" data-id=\"af4a876\" data-element_type=\"widget\" data-widget_type=\"heading.default\">\n\t\t\t\t<div class=\"elementor-widget-container\">\n\t\t\t\t\t<h1 class=\"elementor-heading-title elementor-size-default\">Postagens recentes<\/h1>\t\t\t\t<\/div>\n\t\t\t\t<\/div>\n\t\t\t\t<div class=\"elementor-element elementor-element-eb0fbb3 elementor-grid-eael-col-3 post-col elementor-grid-tablet-eael-col-2 elementor-grid-mobile-eael-col-1 elementor-widget elementor-widget-eael-post-grid\" data-id=\"eb0fbb3\" data-element_type=\"widget\" data-settings=\"{&quot;eael_post_grid_columns&quot;:&quot;eael-col-3&quot;,&quot;eael_post_grid_columns_tablet&quot;:&quot;eael-col-2&quot;,&quot;eael_post_grid_columns_mobile&quot;:&quot;eael-col-1&quot;}\" data-widget_type=\"eael-post-grid.default\">\n\t\t\t\t<div class=\"elementor-widget-container\">\n\t\t\t\t\t<div id=\"eael-post-grid-eb0fbb3\" class=\"eael-post-grid-container\">\n            <div class=\"eael-post-grid eael-post-appender eael-post-appender-eb0fbb3 eael-post-grid-style-three\" data-layout-mode=\"grid\"><article class=\"eael-grid-post eael-post-grid-column\" data-id=\"328\">\n        <div class=\"eael-grid-post-holder\">\n            <div class=\"eael-grid-post-holder-inner\"><div class=\"eael-entry-media\"><ul class=\"post-carousel-categories\"><li><a href=\"https:\/\/renavefacil.net\/blog\/category\/informativo\/\">Informativo<\/a><\/li><\/ul><div class=\"eael-entry-overlay fade-in\"><i class=\"fas fa-long-arrow-alt-right\" aria-hidden=\"true\"><\/i><a href=\"https:\/\/renavefacil.net\/blog\/2026\/04\/22\/transferencia-de-propriedade-de-veiculos\/\"><\/a><\/div><div class=\"eael-entry-thumbnail \">\n                 <img fetchpriority=\"high\" decoding=\"async\" width=\"300\" height=\"300\" src=\"https:\/\/renavefacil.net\/blog\/wp-content\/uploads\/2022\/08\/Renave_Blog_Transferencia-de-propriedade-de-veiculos-seminovos-ja-e-possivel-utilizar-o-Renave-300x300.jpg\" class=\"attachment-medium size-medium wp-image-329\" alt=\"transfer\u00eancia de propriedade de ve\u00edculos\" srcset=\"https:\/\/renavefacil.net\/blog\/wp-content\/uploads\/2022\/08\/Renave_Blog_Transferencia-de-propriedade-de-veiculos-seminovos-ja-e-possivel-utilizar-o-Renave-300x300.jpg 300w, https:\/\/renavefacil.net\/blog\/wp-content\/uploads\/2022\/08\/Renave_Blog_Transferencia-de-propriedade-de-veiculos-seminovos-ja-e-possivel-utilizar-o-Renave-1024x1024.jpg 1024w, https:\/\/renavefacil.net\/blog\/wp-content\/uploads\/2022\/08\/Renave_Blog_Transferencia-de-propriedade-de-veiculos-seminovos-ja-e-possivel-utilizar-o-Renave-150x150.jpg 150w, https:\/\/renavefacil.net\/blog\/wp-content\/uploads\/2022\/08\/Renave_Blog_Transferencia-de-propriedade-de-veiculos-seminovos-ja-e-possivel-utilizar-o-Renave-768x768.jpg 768w, https:\/\/renavefacil.net\/blog\/wp-content\/uploads\/2022\/08\/Renave_Blog_Transferencia-de-propriedade-de-veiculos-seminovos-ja-e-possivel-utilizar-o-Renave.jpg 1080w\" sizes=\"(max-width: 300px) 100vw, 300px\" \/>\n             <\/div>\n        <\/div><span class=\"eael-meta-posted-on\"><time datetime=\"22\/04\/2026\"><span>22<\/span>abril<\/time><\/span><div class=\"eael-entry-wrapper\"><header class=\"eael-entry-header\"><h1 class=\"eael-entry-title\"><a class=\"eael-grid-post-link\" href=\"https:\/\/renavefacil.net\/blog\/2026\/04\/22\/transferencia-de-propriedade-de-veiculos\/\" title=\"Como acelerar a transfer\u00eancia de ve\u00edculos seminovos e reduzir custos com o Renave\">Como acelerar a transfer\u00eancia de ve\u00edculos seminovos e reduzir custos com o Renave<\/a><\/h1><\/header><div class=\"eael-entry-content\">\n                        <div class=\"eael-grid-post-excerpt\"><p>A transfer\u00eancia de propriedade de ve\u00edculos pode ser facilitada, otimizada e desburocratizada com a digitaliza\u00e7\u00e3o do processo causado pelo Renave.<\/p><a href=\"https:\/\/renavefacil.net\/blog\/2026\/04\/22\/transferencia-de-propriedade-de-veiculos\/\" class=\"eael-post-elements-readmore-btn\">Ler mais<\/a><\/div>\n                    <\/div><\/div><\/div>\n        <\/div>\n    <\/article><article class=\"eael-grid-post eael-post-grid-column\" data-id=\"1371\">\n        <div class=\"eael-grid-post-holder\">\n            <div class=\"eael-grid-post-holder-inner\"><div class=\"eael-entry-media\"><ul class=\"post-carousel-categories\"><li><a href=\"https:\/\/renavefacil.net\/blog\/category\/setor-automotivo\/\">Setor Automotivo<\/a><\/li><\/ul><div class=\"eael-entry-overlay fade-in\"><i class=\"fas fa-long-arrow-alt-right\" aria-hidden=\"true\"><\/i><a href=\"https:\/\/renavefacil.net\/blog\/2026\/04\/08\/ipi-verde-venda-de-carros\/\"><\/a><\/div><div class=\"eael-entry-thumbnail \">\n                 <img decoding=\"async\" width=\"300\" height=\"300\" src=\"https:\/\/renavefacil.net\/blog\/wp-content\/uploads\/2026\/03\/ipi-verde-300x300.jpg\" class=\"attachment-medium size-medium wp-image-1374\" alt=\"IPI Verde e venda de carros: impactos para concession\u00e1rias\" srcset=\"https:\/\/renavefacil.net\/blog\/wp-content\/uploads\/2026\/03\/ipi-verde-300x300.jpg 300w, https:\/\/renavefacil.net\/blog\/wp-content\/uploads\/2026\/03\/ipi-verde-1024x1024.jpg 1024w, https:\/\/renavefacil.net\/blog\/wp-content\/uploads\/2026\/03\/ipi-verde-150x150.jpg 150w, https:\/\/renavefacil.net\/blog\/wp-content\/uploads\/2026\/03\/ipi-verde-768x768.jpg 768w, https:\/\/renavefacil.net\/blog\/wp-content\/uploads\/2026\/03\/ipi-verde.jpg 1080w\" sizes=\"(max-width: 300px) 100vw, 300px\" \/>\n             <\/div>\n        <\/div><span class=\"eael-meta-posted-on\"><time datetime=\"08\/04\/2026\"><span>08<\/span>abril<\/time><\/span><div class=\"eael-entry-wrapper\"><header class=\"eael-entry-header\"><h1 class=\"eael-entry-title\"><a class=\"eael-grid-post-link\" href=\"https:\/\/renavefacil.net\/blog\/2026\/04\/08\/ipi-verde-venda-de-carros\/\" title=\"IPI Verde: o que muda na venda de carros e por que isso impacta diretamente a rentabilidade das concession\u00e1rias\">IPI Verde: o que muda na venda de carros e por que isso impacta diretamente a rentabilidade das concession\u00e1rias<\/a><\/h1><\/header><div class=\"eael-entry-content\">\n                        <div class=\"eael-grid-post-excerpt\"><p>O IPI Verde deixou de ser apenas uma pauta ambiental e passou a influenciar diretamente decis\u00f5es estrat\u00e9gicas dentro das concession\u00e1rias. Inserido no programa Mover,...<\/p><a href=\"https:\/\/renavefacil.net\/blog\/2026\/04\/08\/ipi-verde-venda-de-carros\/\" class=\"eael-post-elements-readmore-btn\">Ler mais<\/a><\/div>\n                    <\/div><\/div><\/div>\n        <\/div>\n    <\/article><article class=\"eael-grid-post eael-post-grid-column\" data-id=\"1365\">\n        <div class=\"eael-grid-post-holder\">\n            <div class=\"eael-grid-post-holder-inner\"><div class=\"eael-entry-media\"><ul class=\"post-carousel-categories\"><li><a href=\"https:\/\/renavefacil.net\/blog\/category\/setor-automotivo\/\">Setor Automotivo<\/a><\/li><\/ul><div class=\"eael-entry-overlay fade-in\"><i class=\"fas fa-long-arrow-alt-right\" aria-hidden=\"true\"><\/i><a href=\"https:\/\/renavefacil.net\/blog\/2026\/03\/27\/melhor-epoca-revenda-de-carros\/\"><\/a><\/div><div class=\"eael-entry-thumbnail \">\n                 <img decoding=\"async\" width=\"300\" height=\"300\" src=\"https:\/\/renavefacil.net\/blog\/wp-content\/uploads\/2026\/03\/revenda-de-carros-300x300.jpg\" class=\"attachment-medium size-medium wp-image-1368\" alt=\"Revenda de carros: crie as estrat\u00e9gias certas para vender em todas as \u00e9pocas do ano\" srcset=\"https:\/\/renavefacil.net\/blog\/wp-content\/uploads\/2026\/03\/revenda-de-carros-300x300.jpg 300w, https:\/\/renavefacil.net\/blog\/wp-content\/uploads\/2026\/03\/revenda-de-carros-1022x1024.jpg 1022w, https:\/\/renavefacil.net\/blog\/wp-content\/uploads\/2026\/03\/revenda-de-carros-150x150.jpg 150w, https:\/\/renavefacil.net\/blog\/wp-content\/uploads\/2026\/03\/revenda-de-carros-768x769.jpg 768w, https:\/\/renavefacil.net\/blog\/wp-content\/uploads\/2026\/03\/revenda-de-carros.jpg 1078w\" sizes=\"(max-width: 300px) 100vw, 300px\" \/>\n             <\/div>\n        <\/div><span class=\"eael-meta-posted-on\"><time datetime=\"27\/03\/2026\"><span>27<\/span>mar\u00e7o<\/time><\/span><div class=\"eael-entry-wrapper\"><header class=\"eael-entry-header\"><h1 class=\"eael-entry-title\"><a class=\"eael-grid-post-link\" href=\"https:\/\/renavefacil.net\/blog\/2026\/03\/27\/melhor-epoca-revenda-de-carros\/\" title=\"Revenda de carros: crie as estrat\u00e9gias certas para vender em todas as \u00e9pocas do ano\">Revenda de carros: crie as estrat\u00e9gias certas para vender em todas as \u00e9pocas do ano<\/a><\/h1><\/header><div class=\"eael-entry-content\">\n                        <div class=\"eael-grid-post-excerpt\"><p>Se voc\u00ea \u00e9 dono de loja e vive a rotina da revenda de carros, j\u00e1 percebeu na pr\u00e1tica: tem m\u00eas que o p\u00e1tio gira...<\/p><a href=\"https:\/\/renavefacil.net\/blog\/2026\/03\/27\/melhor-epoca-revenda-de-carros\/\" class=\"eael-post-elements-readmore-btn\">Ler mais<\/a><\/div>\n                    <\/div><\/div><\/div>\n        <\/div>\n    <\/article><\/div>\n            <div class=\"clearfix\"><\/div>\n        <\/div>            <div class=\"eael-load-more-button-wrap\">\n                <button class=\"eael-load-more-button\" id=\"eael-load-more-btn-eb0fbb3\" data-widget-id=\"eb0fbb3\" data-widget=\"eb0fbb3\" data-page-id=\"452\" data-template=\"{&quot;dir&quot;:&quot;lite&quot;,&quot;file_name&quot;:&quot;three.php&quot;,&quot;name&quot;:&quot;Post-Grid&quot;}\" data-class=\"Essential_Addons_Elementor\\Elements\\Post_Grid\" data-layout=\"grid\" data-page=\"1\" data-args=\"orderby=date&amp;order=desc&amp;ignore_sticky_posts=1&amp;post_status=publish&amp;posts_per_page=3&amp;offset=0&amp;post_type=post\" data-max-page=\"31\">\n                    <span class=\"eael-btn-loader button__loader\"><\/span>\n                    <span class=\"eael_load_more_text\">Carregar mais<\/span>\n                <\/button>\n            <\/div>\n            \t\t\t\t<\/div>\n\t\t\t\t<\/div>\n\t\t\t\t\t<\/div>\n\t\t<\/div>\n\t\t\t\t\t<\/div>\n\t\t<\/section>\n\t\t\t\t<section class=\"elementor-section elementor-top-section elementor-element elementor-element-35965de elementor-section-boxed elementor-section-height-default elementor-section-height-default\" data-id=\"35965de\" data-element_type=\"section\" data-settings=\"{&quot;background_background&quot;:&quot;classic&quot;}\">\n\t\t\t\t\t\t<div class=\"elementor-container elementor-column-gap-default\">\n\t\t\t\t\t<div class=\"elementor-column elementor-col-100 elementor-top-column elementor-element elementor-element-8709b58 trabalhamos\" data-id=\"8709b58\" data-element_type=\"column\" data-settings=\"{&quot;background_background&quot;:&quot;classic&quot;}\">\n\t\t\t<div class=\"elementor-widget-wrap elementor-element-populated\">\n\t\t\t\t\t\t<section class=\"elementor-section elementor-inner-section elementor-element elementor-element-fcee0f2 elementor-section-content-middle elementor-section-boxed elementor-section-height-default elementor-section-height-default\" data-id=\"fcee0f2\" data-element_type=\"section\">\n\t\t\t\t\t\t<div class=\"elementor-container elementor-column-gap-default\">\n\t\t\t\t\t<div class=\"elementor-column elementor-col-50 elementor-inner-column elementor-element elementor-element-5d3e0fe\" data-id=\"5d3e0fe\" data-element_type=\"column\">\n\t\t\t<div class=\"elementor-widget-wrap elementor-element-populated\">\n\t\t\t\t\t\t<div class=\"elementor-element elementor-element-2e8f3f2 elementor-widget elementor-widget-heading\" data-id=\"2e8f3f2\" data-element_type=\"widget\" data-widget_type=\"heading.default\">\n\t\t\t\t<div class=\"elementor-widget-container\">\n\t\t\t\t\t<h4 class=\"elementor-heading-title elementor-size-default\">Trabalhamos com <span style=\"color:#ffdb12\">tecnologia <\/span> para facilitar o seu neg\u00f3cio<\/h4>\t\t\t\t<\/div>\n\t\t\t\t<\/div>\n\t\t\t\t<div class=\"elementor-element elementor-element-03dd8bf elementor-widget elementor-widget-heading\" data-id=\"03dd8bf\" data-element_type=\"widget\" data-widget_type=\"heading.default\">\n\t\t\t\t<div class=\"elementor-widget-container\">\n\t\t\t\t\t<h2 class=\"elementor-heading-title elementor-size-default\">Cadastre-se e comece j\u00e1!<\/h2>\t\t\t\t<\/div>\n\t\t\t\t<\/div>\n\t\t\t\t\t<\/div>\n\t\t<\/div>\n\t\t\t\t<div class=\"elementor-column elementor-col-50 elementor-inner-column elementor-element elementor-element-dd317a5\" data-id=\"dd317a5\" data-element_type=\"column\">\n\t\t\t<div class=\"elementor-widget-wrap elementor-element-populated\">\n\t\t\t\t\t\t<div class=\"elementor-element elementor-element-cffc0c1 elementor-align-right elementor-mobile-align-left elementor-widget elementor-widget-button\" data-id=\"cffc0c1\" data-element_type=\"widget\" data-widget_type=\"button.default\">\n\t\t\t\t<div class=\"elementor-widget-container\">\n\t\t\t\t\t\t\t\t\t<div class=\"elementor-button-wrapper\">\n\t\t\t\t\t<a class=\"elementor-button elementor-button-link elementor-size-sm\" href=\"https:\/\/conteudo.renavefacil.net\/cadastro-na-plataforma\" target=\"_blank\">\n\t\t\t\t\t\t<span class=\"elementor-button-content-wrapper\">\n\t\t\t\t\t\t\t\t\t<span class=\"elementor-button-text\">Cadastre-se<\/span>\n\t\t\t\t\t<\/span>\n\t\t\t\t\t<\/a>\n\t\t\t\t<\/div>\n\t\t\t\t\t\t\t\t<\/div>\n\t\t\t\t<\/div>\n\t\t\t\t\t<\/div>\n\t\t<\/div>\n\t\t\t\t\t<\/div>\n\t\t<\/section>\n\t\t\t\t\t<\/div>\n\t\t<\/div>\n\t\t\t\t\t<\/div>\n\t\t<\/section>\n\t\t\t\t<section class=\"elementor-section elementor-top-section elementor-element elementor-element-9af2432 elementor-hidden-desktop elementor-hidden-tablet elementor-hidden-mobile elementor-section-boxed elementor-section-height-default elementor-section-height-default\" data-id=\"9af2432\" data-element_type=\"section\">\n\t\t\t\t\t\t<div class=\"elementor-container elementor-column-gap-default\">\n\t\t\t\t\t<div class=\"elementor-column elementor-col-100 elementor-top-column elementor-element elementor-element-cc28d94\" data-id=\"cc28d94\" data-element_type=\"column\">\n\t\t\t<div class=\"elementor-widget-wrap elementor-element-populated\">\n\t\t\t\t\t\t<div class=\"elementor-element elementor-element-fbdef62 elementor-widget elementor-widget-html\" data-id=\"fbdef62\" data-element_type=\"widget\" data-widget_type=\"html.default\">\n\t\t\t\t<div class=\"elementor-widget-container\">\n\t\t\t\t\t<style>\n    #breadcrumb-section{\n        display: none!important;\n    }\n    \n    .post-col .eael-grid-post-holder{\n        position: relative!important;\n    }\n    \n    .post-col span.eael-meta-posted-on {\n    font-size: 1.2rem;\n    box-shadow: none;\n    \n}\n\n.trabalhamos{\n        box-shadow: 0 0 4.75px 0.25px rgb(0 0 0 \/ 15%);\n}\n    \n<\/style>\t\t\t\t<\/div>\n\t\t\t\t<\/div>\n\t\t\t\t\t<\/div>\n\t\t<\/div>\n\t\t\t\t\t<\/div>\n\t\t<\/section>\n\t\t\t\t<\/div>\n\t\t","protected":false},"excerpt":{"rendered":"<p>Renave F\u00e1cil Solu\u00e7\u00f5es para voc\u00ea Tenha muito mais facilidade parar comprar e vender ve\u00edculos! Cadastre-se Postagens recentes Informativo 30setembro Entenda a import\u00e2ncia e como fazer a consulta veicular A consulta veicular gera maior seguran\u00e7a para o seu neg\u00f3cio, pois evita receber algum ve\u00edculo com problemas \u201cocultos\u201d e assim oferecer um ve\u00edculo em&#8230; Ler mais Uncategorized [&hellip;]<\/p>\n","protected":false},"author":5,"featured_media":0,"parent":0,"menu_order":0,"comment_status":"closed","ping_status":"closed","template":"elementor_header_footer","meta":{"_seopress_robots_primary_cat":"","_seopress_titles_title":"","_seopress_titles_desc":"","_seopress_robots_index":"","footnotes":""},"class_list":["post-452","page","type-page","status-publish","hentry"],"_links":{"self":[{"href":"https:\/\/renavefacil.net\/blog\/wp-json\/wp\/v2\/pages\/452","targetHints":{"allow":["GET"]}}],"collection":[{"href":"https:\/\/renavefacil.net\/blog\/wp-json\/wp\/v2\/pages"}],"about":[{"href":"https:\/\/renavefacil.net\/blog\/wp-json\/wp\/v2\/types\/page"}],"author":[{"embeddable":true,"href":"https:\/\/renavefacil.net\/blog\/wp-json\/wp\/v2\/users\/5"}],"replies":[{"embeddable":true,"href":"https:\/\/renavefacil.net\/blog\/wp-json\/wp\/v2\/comments?post=452"}],"version-history":[{"count":0,"href":"https:\/\/renavefacil.net\/blog\/wp-json\/wp\/v2\/pages\/452\/revisions"}],"wp:attachment":[{"href":"https:\/\/renavefacil.net\/blog\/wp-json\/wp\/v2\/media?parent=452"}],"curies":[{"name":"wp","href":"https:\/\/api.w.org\/{rel}","templated":true}]}}