{"id":310,"date":"2022-08-17T17:52:02","date_gmt":"2022-08-17T20:52:02","guid":{"rendered":"https:\/\/renavefacil.net\/blog\/?page_id=310"},"modified":"2024-01-16T16:17:58","modified_gmt":"2024-01-16T19:17:58","slug":"downloads","status":"publish","type":"page","link":"https:\/\/renavefacil.net\/blog\/downloads\/","title":{"rendered":"Downloads"},"content":{"rendered":"\t\t<div data-elementor-type=\"wp-page\" data-elementor-id=\"310\" class=\"elementor elementor-310\" data-elementor-post-type=\"page\">\n\t\t\t\t\t\t<section class=\"elementor-section elementor-top-section elementor-element elementor-element-dc65746 elementor-section-full_width bread-sec-ele elementor-section-content-middle elementor-section-height-min-height elementor-section-height-default elementor-section-items-middle\" data-id=\"dc65746\" data-element_type=\"section\">\n\t\t\t\t\t\t<div class=\"elementor-container elementor-column-gap-default\">\n\t\t\t\t\t<div class=\"elementor-column elementor-col-100 elementor-top-column elementor-element elementor-element-c92171a\" data-id=\"c92171a\" data-element_type=\"column\">\n\t\t\t<div class=\"elementor-widget-wrap elementor-element-populated\">\n\t\t\t\t\t\t<div class=\"elementor-element elementor-element-194a2d2 img-bread elementor-widget elementor-widget-image\" data-id=\"194a2d2\" data-element_type=\"widget\" data-widget_type=\"image.default\">\n\t\t\t\t<div class=\"elementor-widget-container\">\n\t\t\t\t\t\t\t\t\t\t\t\t\t\t\t<img fetchpriority=\"high\" decoding=\"async\" width=\"1910\" height=\"180\" src=\"https:\/\/renavefacil.net\/blog\/wp-content\/uploads\/2022\/08\/Fundo.jpg\" class=\"attachment-2048x2048 size-2048x2048 wp-image-359\" alt=\"\" srcset=\"https:\/\/renavefacil.net\/blog\/wp-content\/uploads\/2022\/08\/Fundo.jpg 1910w, https:\/\/renavefacil.net\/blog\/wp-content\/uploads\/2022\/08\/Fundo-300x28.jpg 300w, https:\/\/renavefacil.net\/blog\/wp-content\/uploads\/2022\/08\/Fundo-1024x97.jpg 1024w, https:\/\/renavefacil.net\/blog\/wp-content\/uploads\/2022\/08\/Fundo-768x72.jpg 768w, https:\/\/renavefacil.net\/blog\/wp-content\/uploads\/2022\/08\/Fundo-1536x145.jpg 1536w\" sizes=\"(max-width: 1910px) 100vw, 1910px\" \/>\t\t\t\t\t\t\t\t\t\t\t\t\t\t\t<\/div>\n\t\t\t\t<\/div>\n\t\t\t\t<div class=\"elementor-element elementor-element-df28bc4 elementor-widget elementor-widget-heading\" data-id=\"df28bc4\" data-element_type=\"widget\" data-widget_type=\"heading.default\">\n\t\t\t\t<div class=\"elementor-widget-container\">\n\t\t\t\t\t<h1 class=\"elementor-heading-title elementor-size-default\">Materiais Gratuitos<\/h1>\t\t\t\t<\/div>\n\t\t\t\t<\/div>\n\t\t\t\t<div class=\"elementor-element elementor-element-01acb82 elementor-widget elementor-widget-text-editor\" data-id=\"01acb82\" data-element_type=\"widget\" data-widget_type=\"text-editor.default\">\n\t\t\t\t<div class=\"elementor-widget-container\">\n\t\t\t\t\t\t\t\t\tConte\u00fados gratuitos para voc\u00ea ficar por dentro do <br> sistema Renave e do setor automotivo!\t\t\t\t\t\t\t\t<\/div>\n\t\t\t\t<\/div>\n\t\t\t\t\t<\/div>\n\t\t<\/div>\n\t\t\t\t\t<\/div>\n\t\t<\/section>\n\t\t\t\t<section class=\"elementor-section elementor-top-section elementor-element elementor-element-8d641bc elementor-section-full_width section-ele elementor-section-height-default elementor-section-height-default elementor-invisible\" data-id=\"8d641bc\" data-element_type=\"section\" data-settings=\"{&quot;animation&quot;:&quot;fadeIn&quot;}\">\n\t\t\t\t\t\t<div class=\"elementor-container elementor-column-gap-default\">\n\t\t\t\t\t<div class=\"elementor-column elementor-col-50 elementor-top-column elementor-element elementor-element-6d32b46\" data-id=\"6d32b46\" data-element_type=\"column\" data-settings=\"{&quot;background_background&quot;:&quot;classic&quot;}\">\n\t\t\t<div class=\"elementor-widget-wrap elementor-element-populated\">\n\t\t\t\t\t\t<div class=\"elementor-element elementor-element-19a2003 elementor-widget elementor-widget-image\" data-id=\"19a2003\" data-element_type=\"widget\" data-widget_type=\"image.default\">\n\t\t\t\t<div class=\"elementor-widget-container\">\n\t\t\t\t\t\t\t\t\t\t\t\t\t\t\t<img decoding=\"async\" width=\"300\" height=\"207\" src=\"https:\/\/renavefacil.net\/blog\/wp-content\/uploads\/2024\/01\/Mockup-eBook-300x207.png\" class=\"attachment-medium size-medium wp-image-846\" alt=\"Digitaliza\u00e7\u00e3o do setor automotivo\" srcset=\"https:\/\/renavefacil.net\/blog\/wp-content\/uploads\/2024\/01\/Mockup-eBook-300x207.png 300w, https:\/\/renavefacil.net\/blog\/wp-content\/uploads\/2024\/01\/Mockup-eBook.png 550w\" sizes=\"(max-width: 300px) 100vw, 300px\" \/>\t\t\t\t\t\t\t\t\t\t\t\t\t\t\t<\/div>\n\t\t\t\t<\/div>\n\t\t\t\t<div class=\"elementor-element elementor-element-0f66f2f elementor-widget elementor-widget-heading\" data-id=\"0f66f2f\" data-element_type=\"widget\" data-widget_type=\"heading.default\">\n\t\t\t\t<div class=\"elementor-widget-container\">\n\t\t\t\t\t<h2 class=\"elementor-heading-title elementor-size-default\">Ebook: Digitaliza\u00e7\u00e3o no setor automotivo: como aplicar no dia a dia\n<\/h2>\t\t\t\t<\/div>\n\t\t\t\t<\/div>\n\t\t\t\t<div class=\"elementor-element elementor-element-db75179 elementor-widget elementor-widget-text-editor\" data-id=\"db75179\" data-element_type=\"widget\" data-widget_type=\"text-editor.default\">\n\t\t\t\t<div class=\"elementor-widget-container\">\n\t\t\t\t\t\t\t\t\t<p>A digitaliza\u00e7\u00e3o do setor automotivo j\u00e1 \u00e9 uma realidade! O mercado tem incentivado e recompensando aqueles que apostam em ferramentas digitais para aprimorar o dia a dia e os pontos de contato com os clientes.<\/p>\t\t\t\t\t\t\t\t<\/div>\n\t\t\t\t<\/div>\n\t\t\t\t<div class=\"elementor-element elementor-element-1e742b9 elementor-align-center elementor-widget elementor-widget-button\" data-id=\"1e742b9\" data-element_type=\"widget\" data-widget_type=\"button.default\">\n\t\t\t\t<div class=\"elementor-widget-container\">\n\t\t\t\t\t\t\t\t\t<div class=\"elementor-button-wrapper\">\n\t\t\t\t\t<a class=\"elementor-button elementor-button-link elementor-size-sm\" href=\"https:\/\/conteudo.renavefacil.net\/ebook-digitalizacao-no-setor-automotivo\" target=\"_blank\">\n\t\t\t\t\t\t<span class=\"elementor-button-content-wrapper\">\n\t\t\t\t\t\t\t\t\t<span class=\"elementor-button-text\">Baixe agora<\/span>\n\t\t\t\t\t<\/span>\n\t\t\t\t\t<\/a>\n\t\t\t\t<\/div>\n\t\t\t\t\t\t\t\t<\/div>\n\t\t\t\t<\/div>\n\t\t\t\t\t<\/div>\n\t\t<\/div>\n\t\t\t\t<div class=\"elementor-column elementor-col-50 elementor-top-column elementor-element elementor-element-e588087\" data-id=\"e588087\" data-element_type=\"column\" data-settings=\"{&quot;background_background&quot;:&quot;classic&quot;}\">\n\t\t\t<div class=\"elementor-widget-wrap elementor-element-populated\">\n\t\t\t\t\t\t<div class=\"elementor-element elementor-element-2d8651f elementor-widget elementor-widget-image\" data-id=\"2d8651f\" data-element_type=\"widget\" data-widget_type=\"image.default\">\n\t\t\t\t<div class=\"elementor-widget-container\">\n\t\t\t\t\t\t\t\t\t\t\t\t\t\t\t<img decoding=\"async\" width=\"300\" height=\"204\" src=\"https:\/\/renavefacil.net\/blog\/wp-content\/uploads\/2023\/03\/Renave_Guia-Mockup-min-1-300x204.png\" class=\"attachment-medium size-medium wp-image-624\" alt=\"\" srcset=\"https:\/\/renavefacil.net\/blog\/wp-content\/uploads\/2023\/03\/Renave_Guia-Mockup-min-1-300x204.png 300w, https:\/\/renavefacil.net\/blog\/wp-content\/uploads\/2023\/03\/Renave_Guia-Mockup-min-1-1024x697.png 1024w, https:\/\/renavefacil.net\/blog\/wp-content\/uploads\/2023\/03\/Renave_Guia-Mockup-min-1-768x523.png 768w, https:\/\/renavefacil.net\/blog\/wp-content\/uploads\/2023\/03\/Renave_Guia-Mockup-min-1-1536x1045.png 1536w, https:\/\/renavefacil.net\/blog\/wp-content\/uploads\/2023\/03\/Renave_Guia-Mockup-min-1.png 2007w\" sizes=\"(max-width: 300px) 100vw, 300px\" \/>\t\t\t\t\t\t\t\t\t\t\t\t\t\t\t<\/div>\n\t\t\t\t<\/div>\n\t\t\t\t<div class=\"elementor-element elementor-element-1d3d81a elementor-widget elementor-widget-heading\" data-id=\"1d3d81a\" data-element_type=\"widget\" data-widget_type=\"heading.default\">\n\t\t\t\t<div class=\"elementor-widget-container\">\n\t\t\t\t\t<h2 class=\"elementor-heading-title elementor-size-default\">Guia: Renave Zero KM: conhe\u00e7a todas as fases do projeto e saiba como aderir\n<\/h2>\t\t\t\t<\/div>\n\t\t\t\t<\/div>\n\t\t\t\t<div class=\"elementor-element elementor-element-8e8c477 elementor-widget elementor-widget-text-editor\" data-id=\"8e8c477\" data-element_type=\"widget\" data-widget_type=\"text-editor.default\">\n\t\t\t\t<div class=\"elementor-widget-container\">\n\t\t\t\t\t\t\t\t\t<p>O Renave Zero KM \u00e9 a atualiza\u00e7\u00e3o do sistema que busca eliminar as fraudes no emplacamento e clonagem de ve\u00edculos novos. A ades\u00e3o \u00e9 obrigat\u00f3ria para os estabelecimentos,<br \/>montadoras e ITEs em diferentes contextos e modalidades.<\/p>\t\t\t\t\t\t\t\t<\/div>\n\t\t\t\t<\/div>\n\t\t\t\t<div class=\"elementor-element elementor-element-72a8ffc elementor-align-center elementor-widget elementor-widget-button\" data-id=\"72a8ffc\" data-element_type=\"widget\" data-widget_type=\"button.default\">\n\t\t\t\t<div class=\"elementor-widget-container\">\n\t\t\t\t\t\t\t\t\t<div class=\"elementor-button-wrapper\">\n\t\t\t\t\t<a class=\"elementor-button elementor-button-link elementor-size-sm\" href=\"https:\/\/conteudo.renavefacil.net\/renave-zero-km-conheca-todas-as-fases-do-projeto-e-saiba-como-aderir\" target=\"_blank\">\n\t\t\t\t\t\t<span class=\"elementor-button-content-wrapper\">\n\t\t\t\t\t\t\t\t\t<span class=\"elementor-button-text\">Baixe agora<\/span>\n\t\t\t\t\t<\/span>\n\t\t\t\t\t<\/a>\n\t\t\t\t<\/div>\n\t\t\t\t\t\t\t\t<\/div>\n\t\t\t\t<\/div>\n\t\t\t\t\t<\/div>\n\t\t<\/div>\n\t\t\t\t\t<\/div>\n\t\t<\/section>\n\t\t\t\t<section class=\"elementor-section elementor-top-section elementor-element elementor-element-beb52e3 elementor-section-full_width section-ele elementor-section-height-default elementor-section-height-default elementor-invisible\" data-id=\"beb52e3\" data-element_type=\"section\" data-settings=\"{&quot;animation&quot;:&quot;fadeIn&quot;}\">\n\t\t\t\t\t\t<div class=\"elementor-container elementor-column-gap-default\">\n\t\t\t\t\t<div class=\"elementor-column elementor-col-50 elementor-top-column elementor-element elementor-element-7a406fb\" data-id=\"7a406fb\" data-element_type=\"column\" data-settings=\"{&quot;background_background&quot;:&quot;classic&quot;}\">\n\t\t\t<div class=\"elementor-widget-wrap elementor-element-populated\">\n\t\t\t\t\t\t<div class=\"elementor-element elementor-element-9b84007 elementor-widget elementor-widget-image\" data-id=\"9b84007\" data-element_type=\"widget\" data-widget_type=\"image.default\">\n\t\t\t\t<div class=\"elementor-widget-container\">\n\t\t\t\t\t\t\t\t\t\t\t\t\t\t\t<img loading=\"lazy\" decoding=\"async\" width=\"257\" height=\"300\" src=\"https:\/\/renavefacil.net\/blog\/wp-content\/uploads\/2023\/12\/mockup-257x300.png\" class=\"attachment-medium size-medium wp-image-823\" alt=\"Revenda de ve\u00edculos: Quais indicadores acompanhar na sua loja?\" srcset=\"https:\/\/renavefacil.net\/blog\/wp-content\/uploads\/2023\/12\/mockup-257x300.png 257w, https:\/\/renavefacil.net\/blog\/wp-content\/uploads\/2023\/12\/mockup.png 534w\" sizes=\"(max-width: 257px) 100vw, 257px\" \/>\t\t\t\t\t\t\t\t\t\t\t\t\t\t\t<\/div>\n\t\t\t\t<\/div>\n\t\t\t\t<div class=\"elementor-element elementor-element-d5d37ea elementor-widget elementor-widget-heading\" data-id=\"d5d37ea\" data-element_type=\"widget\" data-widget_type=\"heading.default\">\n\t\t\t\t<div class=\"elementor-widget-container\">\n\t\t\t\t\t<h2 class=\"elementor-heading-title elementor-size-default\">Infogr\u00e1fico: Revenda de ve\u00edculos - Quais indicadores\nacompanhar na sua loja?\n<\/h2>\t\t\t\t<\/div>\n\t\t\t\t<\/div>\n\t\t\t\t<div class=\"elementor-element elementor-element-de33492 elementor-widget elementor-widget-text-editor\" data-id=\"de33492\" data-element_type=\"widget\" data-widget_type=\"text-editor.default\">\n\t\t\t\t<div class=\"elementor-widget-container\">\n\t\t\t\t\t\t\t\t\t<p><span style=\"color: #000000;\">Os indicadores de revenda de ve\u00edculos s\u00e3o fundamentais para garantir a efici\u00eancia e o sucesso da loja. Com eles, \u00e9 poss\u00edvel planejar as estrat\u00e9gias com base em dados reais, promovendo a assertividade das a\u00e7\u00f5es.<\/span><\/p>\t\t\t\t\t\t\t\t<\/div>\n\t\t\t\t<\/div>\n\t\t\t\t<div class=\"elementor-element elementor-element-c0bdbd9 elementor-align-center elementor-widget elementor-widget-button\" data-id=\"c0bdbd9\" data-element_type=\"widget\" data-widget_type=\"button.default\">\n\t\t\t\t<div class=\"elementor-widget-container\">\n\t\t\t\t\t\t\t\t\t<div class=\"elementor-button-wrapper\">\n\t\t\t\t\t<a class=\"elementor-button elementor-button-link elementor-size-sm\" href=\"https:\/\/conteudo.renavefacil.net\/infografico-revenda-de-veiculos\" target=\"_blank\">\n\t\t\t\t\t\t<span class=\"elementor-button-content-wrapper\">\n\t\t\t\t\t\t\t\t\t<span class=\"elementor-button-text\">Baixe agora<\/span>\n\t\t\t\t\t<\/span>\n\t\t\t\t\t<\/a>\n\t\t\t\t<\/div>\n\t\t\t\t\t\t\t\t<\/div>\n\t\t\t\t<\/div>\n\t\t\t\t\t<\/div>\n\t\t<\/div>\n\t\t\t\t<div class=\"elementor-column elementor-col-50 elementor-top-column elementor-element elementor-element-5a5eb9e\" data-id=\"5a5eb9e\" data-element_type=\"column\" data-settings=\"{&quot;background_background&quot;:&quot;classic&quot;}\">\n\t\t\t<div class=\"elementor-widget-wrap elementor-element-populated\">\n\t\t\t\t\t\t<div class=\"elementor-element elementor-element-d928b01 elementor-widget elementor-widget-image\" data-id=\"d928b01\" data-element_type=\"widget\" data-widget_type=\"image.default\">\n\t\t\t\t<div class=\"elementor-widget-container\">\n\t\t\t\t\t\t\t\t\t\t\t\t\t\t\t<img loading=\"lazy\" decoding=\"async\" width=\"213\" height=\"300\" src=\"https:\/\/renavefacil.net\/blog\/wp-content\/uploads\/2024\/01\/Mockup_Renave_infografico-213x300.png\" class=\"attachment-medium size-medium wp-image-848\" alt=\"\" srcset=\"https:\/\/renavefacil.net\/blog\/wp-content\/uploads\/2024\/01\/Mockup_Renave_infografico-213x300.png 213w, https:\/\/renavefacil.net\/blog\/wp-content\/uploads\/2024\/01\/Mockup_Renave_infografico.png 570w\" sizes=\"(max-width: 213px) 100vw, 213px\" \/>\t\t\t\t\t\t\t\t\t\t\t\t\t\t\t<\/div>\n\t\t\t\t<\/div>\n\t\t\t\t<div class=\"elementor-element elementor-element-2908ef5 elementor-widget elementor-widget-heading\" data-id=\"2908ef5\" data-element_type=\"widget\" data-widget_type=\"heading.default\">\n\t\t\t\t<div class=\"elementor-widget-container\">\n\t\t\t\t\t<h2 class=\"elementor-heading-title elementor-size-default\">Infogr\u00e1fico: Tudo que voc\u00ea precisa saber sobre o Renave<\/h2>\t\t\t\t<\/div>\n\t\t\t\t<\/div>\n\t\t\t\t<div class=\"elementor-element elementor-element-b1fcb08 elementor-widget elementor-widget-text-editor\" data-id=\"b1fcb08\" data-element_type=\"widget\" data-widget_type=\"text-editor.default\">\n\t\t\t\t<div class=\"elementor-widget-container\">\n\t\t\t\t\t\t\t\t\t<p>O seu estabelecimento j\u00e1 utiliza o Renave para a transfer\u00eancia de ve\u00edculos? Se voc\u00ea ainda n\u00e3o sabe como isso funciona, quem precisa se adequar ou como realizar a integra\u00e7\u00e3o, confira o material.<\/p>\t\t\t\t\t\t\t\t<\/div>\n\t\t\t\t<\/div>\n\t\t\t\t<div class=\"elementor-element elementor-element-0fe1952 elementor-align-center elementor-widget elementor-widget-button\" data-id=\"0fe1952\" data-element_type=\"widget\" data-widget_type=\"button.default\">\n\t\t\t\t<div class=\"elementor-widget-container\">\n\t\t\t\t\t\t\t\t\t<div class=\"elementor-button-wrapper\">\n\t\t\t\t\t<a class=\"elementor-button elementor-button-link elementor-size-sm\" href=\"https:\/\/conteudo.renavefacil.net\/infografico-tudo-que-voce-precisa-saber-sobre-o-renave\" target=\"_blank\">\n\t\t\t\t\t\t<span class=\"elementor-button-content-wrapper\">\n\t\t\t\t\t\t\t\t\t<span class=\"elementor-button-text\">Baixe agora<\/span>\n\t\t\t\t\t<\/span>\n\t\t\t\t\t<\/a>\n\t\t\t\t<\/div>\n\t\t\t\t\t\t\t\t<\/div>\n\t\t\t\t<\/div>\n\t\t\t\t\t<\/div>\n\t\t<\/div>\n\t\t\t\t\t<\/div>\n\t\t<\/section>\n\t\t\t\t<section class=\"elementor-section elementor-top-section elementor-element elementor-element-7bc40e1 elementor-section-full_width section-ele elementor-hidden-desktop elementor-hidden-tablet elementor-hidden-mobile elementor-section-height-default elementor-section-height-default elementor-invisible\" data-id=\"7bc40e1\" data-element_type=\"section\" data-settings=\"{&quot;animation&quot;:&quot;fadeIn&quot;}\">\n\t\t\t\t\t\t<div class=\"elementor-container elementor-column-gap-default\">\n\t\t\t\t\t<div class=\"elementor-column elementor-col-50 elementor-top-column elementor-element elementor-element-c11ac90\" data-id=\"c11ac90\" data-element_type=\"column\" data-settings=\"{&quot;background_background&quot;:&quot;classic&quot;}\">\n\t\t\t<div class=\"elementor-widget-wrap elementor-element-populated\">\n\t\t\t\t\t\t<div class=\"elementor-element elementor-element-4bc15c9 elementor-widget elementor-widget-image\" data-id=\"4bc15c9\" data-element_type=\"widget\" data-widget_type=\"image.default\">\n\t\t\t\t<div class=\"elementor-widget-container\">\n\t\t\t\t\t\t\t\t\t\t\t\t\t\t\t<img loading=\"lazy\" decoding=\"async\" width=\"154\" height=\"204\" src=\"https:\/\/renavefacil.net\/blog\/wp-content\/uploads\/2022\/08\/Mockup_Renave_infogra\u0301fico-1.png\" class=\"attachment-large size-large wp-image-348\" alt=\"\" \/>\t\t\t\t\t\t\t\t\t\t\t\t\t\t\t<\/div>\n\t\t\t\t<\/div>\n\t\t\t\t<div class=\"elementor-element elementor-element-dd8cc85 elementor-widget elementor-widget-heading\" data-id=\"dd8cc85\" data-element_type=\"widget\" data-widget_type=\"heading.default\">\n\t\t\t\t<div class=\"elementor-widget-container\">\n\t\t\t\t\t<h2 class=\"elementor-heading-title elementor-size-default\">Infogr\u00e1fico: Tudo que voc\u00ea precisa saber sobre o Renave<\/h2>\t\t\t\t<\/div>\n\t\t\t\t<\/div>\n\t\t\t\t<div class=\"elementor-element elementor-element-e65ec98 elementor-widget elementor-widget-text-editor\" data-id=\"e65ec98\" data-element_type=\"widget\" data-widget_type=\"text-editor.default\">\n\t\t\t\t<div class=\"elementor-widget-container\">\n\t\t\t\t\t\t\t\t\t<p>O seu estabelecimento j\u00e1 utiliza o Renave para a transfer\u00eancia de ve\u00edculos? Se voc\u00ea ainda n\u00e3o sabe como isso funciona, quem precisa se adequar ou como realizar a integra\u00e7\u00e3o, confira o material.<\/p>\t\t\t\t\t\t\t\t<\/div>\n\t\t\t\t<\/div>\n\t\t\t\t<div class=\"elementor-element elementor-element-bc46ff5 elementor-align-center elementor-widget elementor-widget-button\" data-id=\"bc46ff5\" data-element_type=\"widget\" data-widget_type=\"button.default\">\n\t\t\t\t<div class=\"elementor-widget-container\">\n\t\t\t\t\t\t\t\t\t<div class=\"elementor-button-wrapper\">\n\t\t\t\t\t<a class=\"elementor-button elementor-button-link elementor-size-sm\" href=\"#\">\n\t\t\t\t\t\t<span class=\"elementor-button-content-wrapper\">\n\t\t\t\t\t\t\t\t\t<span class=\"elementor-button-text\">Baixe agora<\/span>\n\t\t\t\t\t<\/span>\n\t\t\t\t\t<\/a>\n\t\t\t\t<\/div>\n\t\t\t\t\t\t\t\t<\/div>\n\t\t\t\t<\/div>\n\t\t\t\t\t<\/div>\n\t\t<\/div>\n\t\t\t\t<div class=\"elementor-column elementor-col-50 elementor-top-column elementor-element elementor-element-4d47bc3\" data-id=\"4d47bc3\" data-element_type=\"column\" data-settings=\"{&quot;background_background&quot;:&quot;classic&quot;}\">\n\t\t\t<div class=\"elementor-widget-wrap elementor-element-populated\">\n\t\t\t\t\t\t<div class=\"elementor-element elementor-element-8279b8a elementor-widget elementor-widget-image\" data-id=\"8279b8a\" data-element_type=\"widget\" data-widget_type=\"image.default\">\n\t\t\t\t<div class=\"elementor-widget-container\">\n\t\t\t\t\t\t\t\t\t\t\t\t\t\t\t<img loading=\"lazy\" decoding=\"async\" width=\"154\" height=\"204\" src=\"https:\/\/renavefacil.net\/blog\/wp-content\/uploads\/2022\/08\/Mockup_Renave_infogra\u0301fico-1.png\" class=\"attachment-large size-large wp-image-348\" alt=\"\" \/>\t\t\t\t\t\t\t\t\t\t\t\t\t\t\t<\/div>\n\t\t\t\t<\/div>\n\t\t\t\t<div class=\"elementor-element elementor-element-d8a5d02 elementor-widget elementor-widget-heading\" data-id=\"d8a5d02\" data-element_type=\"widget\" data-widget_type=\"heading.default\">\n\t\t\t\t<div class=\"elementor-widget-container\">\n\t\t\t\t\t<h2 class=\"elementor-heading-title elementor-size-default\">Infogr\u00e1fico: Tudo que voc\u00ea precisa saber sobre o Renave<\/h2>\t\t\t\t<\/div>\n\t\t\t\t<\/div>\n\t\t\t\t<div class=\"elementor-element elementor-element-075762b elementor-widget elementor-widget-text-editor\" data-id=\"075762b\" data-element_type=\"widget\" data-widget_type=\"text-editor.default\">\n\t\t\t\t<div class=\"elementor-widget-container\">\n\t\t\t\t\t\t\t\t\t<p>O seu estabelecimento j\u00e1 utiliza o Renave para a transfer\u00eancia de ve\u00edculos? Se voc\u00ea ainda n\u00e3o sabe como isso funciona, quem precisa se adequar ou como realizar a integra\u00e7\u00e3o, confira o material.<\/p>\t\t\t\t\t\t\t\t<\/div>\n\t\t\t\t<\/div>\n\t\t\t\t<div class=\"elementor-element elementor-element-e602fe7 elementor-align-center elementor-widget elementor-widget-button\" data-id=\"e602fe7\" data-element_type=\"widget\" data-widget_type=\"button.default\">\n\t\t\t\t<div class=\"elementor-widget-container\">\n\t\t\t\t\t\t\t\t\t<div class=\"elementor-button-wrapper\">\n\t\t\t\t\t<a class=\"elementor-button elementor-button-link elementor-size-sm\" href=\"#\">\n\t\t\t\t\t\t<span class=\"elementor-button-content-wrapper\">\n\t\t\t\t\t\t\t\t\t<span class=\"elementor-button-text\">Baixe agora<\/span>\n\t\t\t\t\t<\/span>\n\t\t\t\t\t<\/a>\n\t\t\t\t<\/div>\n\t\t\t\t\t\t\t\t<\/div>\n\t\t\t\t<\/div>\n\t\t\t\t\t<\/div>\n\t\t<\/div>\n\t\t\t\t\t<\/div>\n\t\t<\/section>\n\t\t\t\t<section class=\"elementor-section elementor-top-section elementor-element elementor-element-99b5e0a elementor-section-boxed elementor-section-height-default elementor-section-height-default\" data-id=\"99b5e0a\" data-element_type=\"section\">\n\t\t\t\t\t\t<div class=\"elementor-container elementor-column-gap-default\">\n\t\t\t\t\t<div class=\"elementor-column elementor-col-100 elementor-top-column elementor-element elementor-element-ce56b88\" data-id=\"ce56b88\" data-element_type=\"column\">\n\t\t\t<div class=\"elementor-widget-wrap elementor-element-populated\">\n\t\t\t\t\t\t<div class=\"elementor-element elementor-element-c577f0e elementor-widget elementor-widget-heading\" data-id=\"c577f0e\" data-element_type=\"widget\" data-widget_type=\"heading.default\">\n\t\t\t\t<div class=\"elementor-widget-container\">\n\t\t\t\t\t<h2 class=\"elementor-heading-title elementor-size-default\">Fale com um consultor Renave F\u00e1cil e conhe\u00e7a a plataforma!<\/h2>\t\t\t\t<\/div>\n\t\t\t\t<\/div>\n\t\t\t\t<div class=\"elementor-element elementor-element-23c4247 elementor-align-center elementor-widget elementor-widget-button\" data-id=\"23c4247\" data-element_type=\"widget\" data-widget_type=\"button.default\">\n\t\t\t\t<div class=\"elementor-widget-container\">\n\t\t\t\t\t\t\t\t\t<div class=\"elementor-button-wrapper\">\n\t\t\t\t\t<a class=\"elementor-button elementor-button-link elementor-size-sm\" href=\"https:\/\/conteudo.renavefacil.net\/cadastro-na-plataforma\" target=\"_blank\">\n\t\t\t\t\t\t<span class=\"elementor-button-content-wrapper\">\n\t\t\t\t\t\t\t\t\t<span class=\"elementor-button-text\">Fale com um consultor<\/span>\n\t\t\t\t\t<\/span>\n\t\t\t\t\t<\/a>\n\t\t\t\t<\/div>\n\t\t\t\t\t\t\t\t<\/div>\n\t\t\t\t<\/div>\n\t\t\t\t\t<\/div>\n\t\t<\/div>\n\t\t\t\t\t<\/div>\n\t\t<\/section>\n\t\t\t\t<section class=\"elementor-section elementor-top-section elementor-element elementor-element-1b94a82 elementor-section-boxed elementor-section-height-default elementor-section-height-default\" data-id=\"1b94a82\" data-element_type=\"section\">\n\t\t\t\t\t\t<div class=\"elementor-container elementor-column-gap-default\">\n\t\t\t\t\t<div class=\"elementor-column elementor-col-100 elementor-top-column elementor-element elementor-element-76c111c\" data-id=\"76c111c\" data-element_type=\"column\">\n\t\t\t<div class=\"elementor-widget-wrap elementor-element-populated\">\n\t\t\t\t\t\t<div class=\"elementor-element elementor-element-e80e4f2 elementor-widget elementor-widget-html\" data-id=\"e80e4f2\" data-element_type=\"widget\" data-widget_type=\"html.default\">\n\t\t\t\t<div class=\"elementor-widget-container\">\n\t\t\t\t\t<style>\n    div#av-primary-content {\n    max-width: 100%!important;\n    flex: auto;\n}\n\ndiv#content {\n    overflow: hidden;\n}\n\n#av-secondary-content{\n    display: none!important\n}\n\n#breadcrumb-section{\n    display: none;\n}\n\n.bread-sec-ele {\n    position: relative;\n    \n}\n\n.bread-sec-ele img{\n    position: absolute!important;\n    min-width: 120vw!important;\n    left: -40%;\n}\n\n\n<\/style>\n\n<script>\n    \n<\/script>\t\t\t\t<\/div>\n\t\t\t\t<\/div>\n\t\t\t\t\t<\/div>\n\t\t<\/div>\n\t\t\t\t\t<\/div>\n\t\t<\/section>\n\t\t\t\t<\/div>\n\t\t","protected":false},"excerpt":{"rendered":"<p>Materiais Gratuitos Conte\u00fados gratuitos para voc\u00ea ficar por dentro do sistema Renave e do setor automotivo! Ebook: Digitaliza\u00e7\u00e3o no setor automotivo: como aplicar no dia a dia A digitaliza\u00e7\u00e3o do setor automotivo j\u00e1 \u00e9 uma realidade! O mercado tem incentivado e recompensando aqueles que apostam em ferramentas digitais para aprimorar o dia a dia e [&hellip;]<\/p>\n","protected":false},"author":5,"featured_media":0,"parent":0,"menu_order":0,"comment_status":"closed","ping_status":"closed","template":"elementor_theme","meta":{"_seopress_robots_primary_cat":"","_seopress_titles_title":"","_seopress_titles_desc":"","_seopress_robots_index":"","footnotes":""},"class_list":["post-310","page","type-page","status-publish","hentry"],"_links":{"self":[{"href":"https:\/\/renavefacil.net\/blog\/wp-json\/wp\/v2\/pages\/310","targetHints":{"allow":["GET"]}}],"collection":[{"href":"https:\/\/renavefacil.net\/blog\/wp-json\/wp\/v2\/pages"}],"about":[{"href":"https:\/\/renavefacil.net\/blog\/wp-json\/wp\/v2\/types\/page"}],"author":[{"embeddable":true,"href":"https:\/\/renavefacil.net\/blog\/wp-json\/wp\/v2\/users\/5"}],"replies":[{"embeddable":true,"href":"https:\/\/renavefacil.net\/blog\/wp-json\/wp\/v2\/comments?post=310"}],"version-history":[{"count":0,"href":"https:\/\/renavefacil.net\/blog\/wp-json\/wp\/v2\/pages\/310\/revisions"}],"wp:attachment":[{"href":"https:\/\/renavefacil.net\/blog\/wp-json\/wp\/v2\/media?parent=310"}],"curies":[{"name":"wp","href":"https:\/\/api.w.org\/{rel}","templated":true}]}}